{"id":1248,"date":"2021-08-17T13:26:48","date_gmt":"2021-08-17T11:26:48","guid":{"rendered":"https:\/\/viaduktkreativni.cz\/?page_id=1248"},"modified":"2024-04-09T15:01:17","modified_gmt":"2024-04-09T13:01:17","slug":"harmonogram","status":"publish","type":"page","link":"https:\/\/viaduktkreativni.cz\/en\/harmonogram\/","title":{"rendered":"WHAT WE&#8217;VE ALREADY DONE"},"content":{"rendered":"<p>The viaduct project is currently just before the second phase &#8211; the permanent use of the arches. Construction documents were prepared in 2021 and are now awaiting approval. Many meetings and approval processes have led the way to the current status.<\/p>\n<h2 style=\"text-align: center;\"><b>2023<\/b><\/h2>\n<h3>April<\/h3>\n<p>4. 4. &#8211; Discussions with Councillor for Property Adam Z\u00e1bransk\u00fd.<\/p>\n<h3>May<\/h3>\n<p>17. 5. &#8211; The Department of Territorial Development and Construction\u00a0of the Prague 8 Municipal District \u00a0&#8211; notification of the start of joint proceedings.<\/p>\n<h3>June<\/h3>\n<p>16. 6. &#8211; The Department of Territorial Development and Construction\u00a0of the Prague 8 Municipal District approves the construction project Negrelliho viadukt and revitalization of its surroundings &#8211; pilot no. 036 Prague, Karl\u00edn, Negrelliho viadukt.<\/p>\n<h3>August<\/h3>\n<p>4. 8. &#8211; STRABAG a.s. starts construction works of the first arch of the Negrelli viaduct.<\/p>\n<p>17. 8. &#8211; Meeting of Viaduct a.s. with a representative of Councillor Adam Z\u00e1bransk\u00fd, Petr Hlav\u00e1\u010dek, Zden\u011bk H\u0159ib and the management of TCP a.s. regarding the operation of the Negrelli Viaduct.<\/p>\n<h3>September<\/h3>\n<p>12. 9. &#8211; MOBA studio s.r.o. handed over the documentation for the selection of the contractor for the interior of the test arc to TCP a.s.<\/p>\n<h3>October<\/h3>\n<p>2. 10. &#8211; TCP a.s. announces a tender for the Negrelli viaduct and revitalization of its surroundings, stage ET002 &#8211; interior equipment of the pilot arch No. 036.<\/p>\n<h2 style=\"text-align: center;\"><b>2022<\/b><\/h2>\n<p>5. 9. &#8211; The Department of Territorial Development and Construction of the Prague 8 Municipal District &#8211; invitation to the Technical Administration of Communications of the Capital City of Prague Prague, a.s., represented by STRABAG a.s. and VIS, a.s. to complete the project documentation<\/p>\n<p><style>\/*! elementor - v3.16.0 - 12-09-2023 *\/<br \/>\n.elementor-widget-image{text-align:center}.elementor-widget-image a{display:inline-block}.elementor-widget-image a img[src$=\".svg\"]{width:48px}.elementor-widget-image img{vertical-align:middle;display:inline-block}<\/style><\/p>\n<p><img loading=\"lazy\" decoding=\"async\" src=\"https:\/\/viaduktkreativni.cz\/wp-content\/uploads\/2021\/08\/viadukt_GRAFICKY_future-1024x366.jpg\" sizes=\"auto, (max-width: 1024px) 100vw, 1024px\" srcset=\"https:\/\/viaduktkreativni.cz\/wp-content\/uploads\/2021\/08\/viadukt_GRAFICKY_future-1024x366.jpg 1024w, https:\/\/viaduktkreativni.cz\/wp-content\/uploads\/2021\/08\/viadukt_GRAFICKY_future-300x107.jpg 300w, https:\/\/viaduktkreativni.cz\/wp-content\/uploads\/2021\/08\/viadukt_GRAFICKY_future-768x274.jpg 768w, https:\/\/viaduktkreativni.cz\/wp-content\/uploads\/2021\/08\/viadukt_GRAFICKY_future-1536x549.jpg 1536w, https:\/\/viaduktkreativni.cz\/wp-content\/uploads\/2021\/08\/viadukt_GRAFICKY_future-2048x732.jpg 2048w\" alt=\"\" width=\"1024\" height=\"366\" \/><\/p>\n<h2 style=\"text-align: center;\"><b>2021<\/b><\/h2>\n<h3>May<\/h3>\n<p>4. 5. &#8211; Negotiations between Viadukt a.s. and the management of TCP a.s. regarding the parameters of future operation.<\/p>\n<p>13. 5. &#8211; The City of Prague has received the manual, operational scheme and decision-making powers of the property entrusted to the City of Prague. Prague to TCP, a.s.<\/p>\n<p>24. 5. &#8211; The Department of Territorial Development and Construction of the Prague 8 Municipal District issues a decision on the location of the construction &#8220;Reinforcement of the arches of the Negrelli Viaduct&#8221; in Prague, Karl\u00edn.<\/p>\n<p>Official completion of the viaduct reconstruction, including its handover to the client &#8211; Spr\u00e1va \u017eeleznic, a.s.<\/p>\n<h3>June<\/h3>\n<p>15. 6. &#8211; Technical report of the roads of the capital city Prague, a.s. signed a contract with STRABAG, a.s. for the implementation of the project &#8220;Negrelli viaduct &#8211; revitalization of the surroundings, action No. 1000109\u2033, within which the mock-up of the first arch is to be implemented. Arch No. 36 is located at the corner of Sokolovsk\u00e1 and Prvn\u00edho pluku Streets.<\/p>\n<p>24. 6. &#8211; STRABAG a.s. orders MOBA studio s.r.o. to prepare the project documentation.<\/p>\n<h3>September<\/h3>\n<p>3. 9. &#8211; TCP, a.s. prepared the first design of the Negrelli Viaduct.<\/p>\n<h2 style=\"text-align: center;\"><b>2020<\/b><\/h2>\n<h3>January<\/h3>\n<p>29. 1. &#8211;\u00a0submission of a proposal to the City Council Prague with the following justification:<\/p>\n<p><em>On 24 June 2019, by Resolution No. 1342, the Council of the Capital City of Prague approved the&#8230; The conceptual study &#8220;Negrelli Viaduct &#8211; Opportunity for a Creative City&#8221;, which is currently under project preparation. The anticipated completion of the reconstruction by S\u017dDC is set for November 2020, when the site will be handed over to the City of Prague, which will follow up the current reconstruction of the Negrelli Viaduct with the investment project &#8220;Negrelli Viaduct &#8211; Opportunity for a Creative City&#8221;.<\/em><\/p>\n<p><em>With regard to the part of the approved conceptual study is also the search for a form of economic self-sufficiency of the operation, but not at the cost of commercialization of the operation, it is necessary to find an appropriate legal form for the future operation, which will ensure program independence. Unfortunately, the current forms available to the City of Prague, whether it is direct management by the city through HOM or the city&#8217;s joint stock company TCP a.s., will lead in the long run during election cycles to the commercialization of the site, which, however, the rapidly developing Karl\u00edn district can hardly bear and the city will have to participate in further weakening of social diversity, gentrification. The current gentrification of Karl\u00edn is or has been mainly driven by private investors, and it is necessary for the city to play the role of an entity that will counterbalance this set trend rather than add to it.<\/em><\/p>\n<p><em>From the city&#8217;s activities so far, it is clear that the individual entities that manage the property, whether it is the HOM or TCP a.s., are created so that the rents are as high as possible and compete with the commercial sphere, which, in the case of the Negrelli Viaduct, may jeopardize the quality of the entire project and the credibility of the city towards the residents of Karl\u00edn, who have agreed that the area around the Viaduct should be a creative place according to the approved study.<\/em><\/p>\n<p>The Council did not discuss the item.<\/p>\n<h3>June<\/h3>\n<p>11. 6. &#8211; Representation of the Capital City. The City Council of the City of Prague approves the establishment of the institut Kreativn\u00ed Praha under the number 2M\/38.<\/p>\n<h3>July<\/h3>\n<p>13. 7. &#8211; Department of Monument Preservation of Municipality of Prague together with the National Monument Constitution sets the\u00a0<a href=\"https:\/\/viaduktkreativni.cz\/wp-content\/uploads\/2024\/03\/priloha_805208704_0_rozhodnuti_2063585_2019.pdf\" target=\"_blank\" rel=\"noopener\">conditions<\/a>\u00a0for the implementation of the conceptual study &#8220;Negrelli Viaduct &#8211; an opportunity for a creative city&#8221;, approved by the City of Prague.<\/p>\n<h3>October<\/h3>\n<p>4. 10. &#8211; Viadukt a.s. prepares an economic study and rental prices, which is provided by the City of Prague. Prague.<\/p>\n<h2 style=\"text-align: center;\"><b>2019<\/b><\/h2>\n<h3>June<\/h3>\n<p>The Prague City Council approves the conceptual study &#8220;Negrelli Viaduct &#8211; an opportunity for a creative city&#8221;<\/p>\n<h3>July<\/h3>\n<p>24. 7. &#8211; The Council of the Capital City. Resolution No. 1342 approves the conceptual study &#8220;Negrelli Viaduct &#8211; Opportunity for a Creative City&#8221; as a basis for the follow-up project preparation of the investment project &#8220;Modifications of the surroundings of the Negrelli Viaduct&#8221;.<\/p>\n<h2 style=\"text-align: center;\"><b>2018<\/b><\/h2>\n<h3>January<\/h3>\n<p>IPR provided support for the project.<\/p>\n<h3>February<\/h3>\n<p>HOM discussions on the form of future cooperation.<\/p>\n<h3>March<\/h3>\n<p>26. 3. &#8211; Negotiations with the Mayor Adriana Krn\u00e1\u010dov\u00e1 on securing non-profit profitable operation of the Viaduct.<\/p>\n<h3>April<\/h3>\n<p>23. 4. &#8211; Negotiations with the Mayor Adriana Krn\u00e1\u010dov\u00e1 on securing non-profit profitable operation of the Viaduct.<\/p>\n<p>30. 4. &#8211; Meeting with the Deputy Director of the City Hall. Prague Ing. Zdena Javornick\u00e1 on the establishment of an entity composed of the City of Prague. Prague, S\u017dDC and Viaduct z.s. to ensure non-profit profitable operation of Viaduct.<\/p>\n<h3>May<\/h3>\n<p>The Prague City Council approves the change of land between S\u017dDC, a.s. and the City of Prague.<\/p>\n<h3>October<\/h3>\n<p>22. 10. &#8211; Meeting with the Director of the Museum of the Capital City of Prague. Prague &#8211; PhDr. Zuzana Strnadov\u00e1 on the inclusion of the Negrelli Viaduct into the Museum&#8217;s administration.<\/p>\n<h2 style=\"text-align: center;\"><b>2017<\/b><\/h2>\n<h3>August<\/h3>\n<p>S\u017dDC, a.s. starts reconstruction of the viaduct structure and tracks. After the reconstruction is completed, the viaduct is to become a link between the centre of Prague and the airport. S\u017dDC, a.s. is focusing on the technical improvement of the structure in the reconstruction. The construction is to be completed by 2021.<\/p>\n<p>Within the framework of the international ARTECITYA project, a book showing seven initiation projects in Europe has been published. The publication presented a timeline of the project and a guide to activating public spaces in other cities.<\/p>\n<h3>October<\/h3>\n<p>The Council of Prague 8 approved the Negrelli Viaduct study.<\/p>\n<h3>December<\/h3>\n<p>19. 12. &#8211; Negotiations with the Railway Infrastructure Administration.<\/p>\n<p>19. 12. &#8211; Meeting with the Deputy Mayor of the Capital City of Prague. Petra Kol\u00ednsk\u00e1 on the establishment of the Viaduct Institute, which was co-founded by City of Prague, S\u017dDC and Viadukt.<\/p>\n<h2 style=\"text-align: center;\"><b>2016<\/b><\/h2>\n<h3>September<\/h3>\n<p>26. 9. &#8211; Presentation of the architectural study Negrelli Viaduct &#8211; an opportunity for a creative city at Karol\u00edny Sv\u011btl\u00e9 31.<\/p>\n<p>\u00a0<\/p>\n<h2 style=\"text-align: center;\">LIFE UNDER THE ARCHES<\/h2>\n<p>Negrelli Viaduct &#8211; Opportunity for a Creative City is a long-term project of CCEA, which has been experimenting between architecture, art and public interest since 2012. The project has organised many events to highlight and test the potential of the Negrelli Viaduct and its integration into urban life.<br \/>After the successful completion of the verification phase, the overall reconstruction of the Negrelli Viaduct was approved by the City Council. Prague approved the construction of permanent spaces in the arches of the viaduct. You can read about this phase of the project here.<\/p>\n<h2 style=\"text-align: center;\"><strong>2016<\/strong><\/h2>\n\n\n<p class=\"has-medium-font-size\"><strong>VIADUCT SYMPOSIUM &#8211; AN OPPORTUNITY FOR A CREATIVE CITY<\/strong><\/p>\n\n\n\n<figure class=\"wp-block-image size-large\"><img loading=\"lazy\" decoding=\"async\" width=\"1024\" height=\"724\" src=\"https:\/\/viaduktkreativni.cz\/wp-content\/uploads\/2016\/11\/negrelliho_namesti_nadhled_MOBA_studio-1024x724.jpg\" alt=\"\" class=\"wp-image-760\" srcset=\"https:\/\/viaduktkreativni.cz\/wp-content\/uploads\/2016\/11\/negrelliho_namesti_nadhled_MOBA_studio-1024x724.jpg 1024w, https:\/\/viaduktkreativni.cz\/wp-content\/uploads\/2016\/11\/negrelliho_namesti_nadhled_MOBA_studio-300x212.jpg 300w, https:\/\/viaduktkreativni.cz\/wp-content\/uploads\/2016\/11\/negrelliho_namesti_nadhled_MOBA_studio-768x543.jpg 768w\" sizes=\"auto, (max-width: 709px) 85vw, (max-width: 909px) 67vw, (max-width: 1362px) 62vw, 840px\" \/><\/figure>\n\n\n\n<p><\/p>\n\n\n\n<p>In the autumn of 2016, the Viaduct Symposium &#8211; Opportunity for a Creative City took place under the auspices of the then Mayor of Prague Adriana Krn\u00e1\u010dov\u00e1. The event featured Gerry Schwitter from Zurich, architect Silja Tillner from Vienna and representatives of the management of the Paris viaduct manager, Semaest, who presented the transformations and operations of foreign viaducts. Their input was complemented by Yvette Va\u0161ourkov\u00e1 and Igor Kova\u010devi\u0107 from CCEA MOBA, who presented the architectural and urban planning study for the Negrelli Viaduct in Prague.<\/p>\n\n\n\n<p class=\"has-medium-font-size\"><strong>SUMMER UNDER THE VIADUCT<\/strong><\/p>\n\n\n\n<figure class=\"wp-block-image size-large\"><img loading=\"lazy\" decoding=\"async\" width=\"1024\" height=\"683\" src=\"https:\/\/viaduktkreativni.cz\/wp-content\/uploads\/2017\/05\/CET_0878-1024x683.jpg\" alt=\"\" class=\"wp-image-852\" srcset=\"https:\/\/viaduktkreativni.cz\/wp-content\/uploads\/2017\/05\/CET_0878-1024x683.jpg 1024w, https:\/\/viaduktkreativni.cz\/wp-content\/uploads\/2017\/05\/CET_0878-300x200.jpg 300w, https:\/\/viaduktkreativni.cz\/wp-content\/uploads\/2017\/05\/CET_0878-768x512.jpg 768w, https:\/\/viaduktkreativni.cz\/wp-content\/uploads\/2017\/05\/CET_0878.jpg 1772w\" sizes=\"auto, (max-width: 709px) 85vw, (max-width: 909px) 67vw, (max-width: 1362px) 62vw, 840px\" \/><\/figure>\n\n\n\n<p><\/p>\n\n\n\n<p>An event that for a few months (July-October) turned the parking lot under the Negrelli Viaduct into a pleasant environment for spending free time. CCEA, together with partners, improved this neglected public space and, together with those who visited under the arches of the viaduct, tested its involvement in quality urban life. The new active infill has increased informal control of the site and safety in the surrounding area. The summer under the viaduct included the temporary operation of several recreational sports facilities and a day bistro with sports equipment rental. It also offered a rich cultural programme. A pleasant summer mix for those spending their holidays in the city.<\/p>\n\n\n\n<p class=\"has-text-align-center\" style=\"font-size:27px\"><strong>2015<\/strong><\/p>\n\n\n\n<p class=\"has-medium-font-size\"><strong>OPEN HOUSE PRGUE<\/strong><\/p>\n\n\n\n<figure class=\"wp-block-image size-large\"><img loading=\"lazy\" decoding=\"async\" width=\"1024\" height=\"769\" src=\"https:\/\/viaduktkreativni.cz\/wp-content\/uploads\/2017\/05\/16-17.5.2015-Open-House-01-1024x769.jpg\" alt=\"\" class=\"wp-image-842\" srcset=\"https:\/\/viaduktkreativni.cz\/wp-content\/uploads\/2017\/05\/16-17.5.2015-Open-House-01-1024x769.jpg 1024w, https:\/\/viaduktkreativni.cz\/wp-content\/uploads\/2017\/05\/16-17.5.2015-Open-House-01-300x225.jpg 300w, https:\/\/viaduktkreativni.cz\/wp-content\/uploads\/2017\/05\/16-17.5.2015-Open-House-01-768x577.jpg 768w\" sizes=\"auto, (max-width: 709px) 85vw, (max-width: 909px) 67vw, (max-width: 1362px) 62vw, 840px\" \/><\/figure>\n\n\n\n<p><\/p>\n\n\n\n<p>On 16th of May 2015, one of the arches of the Negrelli Viaduct was temporarily opened to the public as part of an international event called Open House Prague. Under the auspices of CCEA MOBA, the former site of the collection of raw materials was transformed into a mini exhibition space showing the past, present and future of the viaduct.<\/p>\n\n\n\n<p class=\"has-medium-font-size\"><strong>RESEARCH BY POSTGRADUATE STUDENTS OF THE CERGE INSTITUTE OF ECONOMICS<\/strong><\/p>\n\n\n\n<p><\/p>\n\n\n\n<figure class=\"wp-block-image size-large\"><img loading=\"lazy\" decoding=\"async\" width=\"1024\" height=\"682\" src=\"https:\/\/viaduktkreativni.cz\/wp-content\/uploads\/2017\/05\/15.1.2015-Sympozium-4-1024x682.jpg\" alt=\"\" class=\"wp-image-840\" srcset=\"https:\/\/viaduktkreativni.cz\/wp-content\/uploads\/2017\/05\/15.1.2015-Sympozium-4-1024x682.jpg 1024w, https:\/\/viaduktkreativni.cz\/wp-content\/uploads\/2017\/05\/15.1.2015-Sympozium-4-300x200.jpg 300w, https:\/\/viaduktkreativni.cz\/wp-content\/uploads\/2017\/05\/15.1.2015-Sympozium-4-768x512.jpg 768w\" sizes=\"auto, (max-width: 709px) 85vw, (max-width: 909px) 67vw, (max-width: 1362px) 62vw, 840px\" \/><\/figure>\n\n\n\n<p><\/p>\n\n\n\n<p>The symposium Metamorphosis of viaducts in European cities was organised by the architectural office CCEA MOBA together with the Consortium for Karl\u00edn at the headquarters of the insurance company Kooperativa on 15 January 2015. The symposium brought together at one table all the main actors in the reconstruction of the Negrelli Viaduct. It was the first ever joint meeting of all the stakeholders; it succeeded in setting up a new, more operational way of communication between the different actors, which will lead to the improvement of public space and life after the reconstruction of the viaduct in the Karl\u00edn district. The aim of the symposium was to create a precondition for the creation of a creative incubator under the viaduct in Karlin. All stakeholders agreed on the revival of the now neglected public space.<\/p>\n\n\n\n<p class=\"has-medium-font-size\"><strong>DISCUSSION WITH NEIGHBOURS<\/strong><\/p>\n\n\n\n<figure class=\"wp-block-image size-large\"><img loading=\"lazy\" decoding=\"async\" width=\"1024\" height=\"683\" src=\"https:\/\/viaduktkreativni.cz\/wp-content\/uploads\/2017\/05\/14.1.2015-Diskuze-se-sousedy-1-1024x683.jpg\" alt=\"\" class=\"wp-image-834\" srcset=\"https:\/\/viaduktkreativni.cz\/wp-content\/uploads\/2017\/05\/14.1.2015-Diskuze-se-sousedy-1-1024x683.jpg 1024w, https:\/\/viaduktkreativni.cz\/wp-content\/uploads\/2017\/05\/14.1.2015-Diskuze-se-sousedy-1-300x200.jpg 300w, https:\/\/viaduktkreativni.cz\/wp-content\/uploads\/2017\/05\/14.1.2015-Diskuze-se-sousedy-1-768x512.jpg 768w\" sizes=\"auto, (max-width: 709px) 85vw, (max-width: 909px) 67vw, (max-width: 1362px) 62vw, 840px\" \/><\/figure>\n\n\n\n<p><\/p>\n\n\n\n<p>On 14 January 2015, an interactive discussion with the neighbours of the viaduct took place in the Karl\u00edn Spectrum Lounge on the initiative of CCEA MOBA, with the aim of discussing with the Karl\u00edn residents how they think these spaces should look like in the future and what should happen there. This meeting was also attended by teachers and architecture students from TU Berlin, who have been working on the topic of the use of the Negrelli Viaduct in parallel. The result of the discussion was subsequently presented at the symposium to representatives of Prague and its districts, land and building owners and relevant officials.<\/p>\n\n\n\n<p class=\"has-text-align-center\" style=\"font-size:27px\"><strong>2014<\/strong><\/p>\n\n\n\n<p class=\"has-medium-font-size\"><strong>COOPERATION WITH THE FACULTY OF ARCHITECTURE OF TU IN BERLIN<\/strong><\/p>\n\n\n\n<p>A group of twelve students worked in the winter semester 2014\/15 on the research project Mutating Infrastructure, which dealt with the transformation of the Negrelli Viaduct in Prague. The work was carried out under the auspices of the Institute of Sustainable Planning and Urbanism CHORA City &amp; Energy, TU Berlin. The students participated in a workshop at the ARCHIP School of Architecture in Prague in November. In spring 2015 they presented their designs at the final critiques.<\/p>\n\n\n\n<p class=\"has-text-align-center\" style=\"font-size:27px\"><strong>2013<\/strong><\/p>\n\n\n\n<p class=\"has-medium-font-size\"><strong>GALLERY ROUTE<\/strong><\/p>\n\n\n\n<figure class=\"wp-block-image size-full\"><img loading=\"lazy\" decoding=\"async\" width=\"842\" height=\"596\" src=\"https:\/\/viaduktkreativni.cz\/wp-content\/uploads\/2017\/05\/trat-galerii.jpg\" alt=\"\" class=\"wp-image-829\" srcset=\"https:\/\/viaduktkreativni.cz\/wp-content\/uploads\/2017\/05\/trat-galerii.jpg 842w, https:\/\/viaduktkreativni.cz\/wp-content\/uploads\/2017\/05\/trat-galerii-300x212.jpg 300w, https:\/\/viaduktkreativni.cz\/wp-content\/uploads\/2017\/05\/trat-galerii-768x544.jpg 768w\" sizes=\"auto, (max-width: 709px) 85vw, (max-width: 909px) 67vw, (max-width: 1362px) 62vw, 840px\" \/><\/figure>\n\n\n\n<p><\/p>\n\n\n\n<p>One of the first revivals of the Negrelli Viaduct arches was organised by CCEA MOBA in September 2013. The event, called &#8220;The Prague &#8211; Karl\u00edn &#8211; Viaduct Gallery Track&#8221;, brought together Prague galleries, curators, artists and residents of Karl\u00edn. The spaces of the arches provided a backdrop for concerts, screenings, a bar, children&#8217;s workshops, theatre, dance or culinary performances. The intention of this project was to draw attention to the potential of the Negrelli Viaduct and to start testing the possibilities of integrating it into urban life, directly on the ground. Prominent Prague galleries were invited to participate. M. 180 gallery, MeetFactory, Drdova gallery, Ferdinand Baumann Gallery, Patricia Milano Gallery, Divus, FUTURA Centre for Contemporary Art, NTK Gallery, Tranzitdisplay and many other actors.<br>The event attracted a lot of media attention and after a meeting with the representatives of the City Hall, the Department of Property Management gave our recommendation to unite all the land under the arches under the administration of the City of Prague.<\/p>\n\n\n\n<p class=\"has-text-align-center\" style=\"font-size:27px\"><strong>2012<\/strong><\/p>\n\n\n\n<p class=\"has-medium-font-size\"><strong>PROJECT S\u017dDC<\/strong><\/p>\n\n\n\n<p>The Railway Infrastructure Administration (S\u017dDC), which owns the viaduct in Karlin, announced at the end of 2012 that it was going to start work on the connection between Masaryk Station and the airport. The whole project should start with the repair of the Negrelli viaduct &#8211; this was the first impulse and the beginning of the whole project. Since then, S\u017dDC has been gradually terminating the existing lease agreements. The carefully prepared reconstruction, which is being prepared for S\u017dDC by SUDOP, originally did not envisage the use of the space under the arches, among other reasons, because of complicated property relations in the area. We are glad that we have managed to establish cooperation over the past years, to help straighten out the ownership of the land in the area and to open a joint discussion.<\/p>\n","protected":false},"excerpt":{"rendered":"<p>The viaduct project is currently just before the second phase &#8211; the permanent use of the arches. Construction documents were prepared in 2021 and are now awaiting approval. Many meetings and approval processes have led the way to the current status. 2023 April 4. 4. &#8211; Discussions with Councillor for Property Adam Z\u00e1bransk\u00fd. May 17. &hellip; <a href=\"https:\/\/viaduktkreativni.cz\/en\/harmonogram\/\" class=\"more-link\">Continue reading<span class=\"screen-reader-text\"> &#8220;WHAT WE&#8217;VE ALREADY DONE&#8221;<\/span><\/a><\/p>\n","protected":false},"author":1,"featured_media":0,"parent":0,"menu_order":0,"comment_status":"closed","ping_status":"closed","template":"","meta":{"footnotes":""},"class_list":["post-1248","page","type-page","status-publish","hentry"],"translation":{"provider":"WPGlobus","version":"2.12.2","language":"en","enabled_languages":["cz","en"],"languages":{"cz":{"title":true,"content":true,"excerpt":false},"en":{"title":true,"content":true,"excerpt":false}}},"_links":{"self":[{"href":"https:\/\/viaduktkreativni.cz\/en\/wp-json\/wp\/v2\/pages\/1248","targetHints":{"allow":["GET"]}}],"collection":[{"href":"https:\/\/viaduktkreativni.cz\/en\/wp-json\/wp\/v2\/pages"}],"about":[{"href":"https:\/\/viaduktkreativni.cz\/en\/wp-json\/wp\/v2\/types\/page"}],"author":[{"embeddable":true,"href":"https:\/\/viaduktkreativni.cz\/en\/wp-json\/wp\/v2\/users\/1"}],"replies":[{"embeddable":true,"href":"https:\/\/viaduktkreativni.cz\/en\/wp-json\/wp\/v2\/comments?post=1248"}],"version-history":[{"count":179,"href":"https:\/\/viaduktkreativni.cz\/en\/wp-json\/wp\/v2\/pages\/1248\/revisions"}],"predecessor-version":[{"id":2220,"href":"https:\/\/viaduktkreativni.cz\/en\/wp-json\/wp\/v2\/pages\/1248\/revisions\/2220"}],"wp:attachment":[{"href":"https:\/\/viaduktkreativni.cz\/en\/wp-json\/wp\/v2\/media?parent=1248"}],"curies":[{"name":"wp","href":"https:\/\/api.w.org\/{rel}","templated":true}]}}