{"id":1625,"date":"2024-03-05T16:13:32","date_gmt":"2024-03-05T14:13:32","guid":{"rendered":"https:\/\/viaduktkreativni.cz\/?page_id=1625"},"modified":"2024-04-09T12:53:11","modified_gmt":"2024-04-09T10:53:11","slug":"kontakty","status":"publish","type":"page","link":"https:\/\/viaduktkreativni.cz\/en\/kontakty\/","title":{"rendered":"CONTACTS"},"content":{"rendered":"\n<p><strong>Viadukt z. s.<\/strong><\/p>\n\n\n\n<p><strong>Pob\u0159e\u017en\u00ed 655\/54, 186 00 Praha 8, Karl\u00edn<\/strong><\/p>\n\n\n\n<p><strong>I\u010cO 03670783<\/strong><\/p>\n\n\n\n<p><strong>Yvette Va\u0161ourkov\u00e1 &nbsp;&nbsp;<\/strong><a href=\"mailto:yvette@cceamoba.cz\">yvette@cceamoba.cz<\/a>&nbsp; &nbsp;+420 604 847 510<\/p>\n\n\n\n<p><strong>Igor Kova\u010devi\u0107 &nbsp;&nbsp;<\/strong><a href=\"mailto:igor@cceamoba.cz\">igor@cceamoba.cz<\/a>&nbsp; +420 603 81 00 83<\/p>\n\n\n\n<p><strong>Karin Grohmannov\u00e1 &nbsp;&nbsp;<\/strong><a href=\"mailto:senior@cceamoba.cz\">senior@cceamoba.cz<\/a><\/p>\n\n\n\n<p><strong>\u0160t\u011bp\u00e1n Holub &nbsp;&nbsp;<\/strong><a href=\"mailto:stepan.holub@holubova.cz\">stepan.holub@holubova.cz<\/a><\/p>\n\n\n\n<p><\/p>\n","protected":false},"excerpt":{"rendered":"<p>Viadukt z. s. Pob\u0159e\u017en\u00ed 655\/54, 186 00 Praha 8, Karl\u00edn I\u010cO 03670783 Yvette Va\u0161ourkov\u00e1 &nbsp;&nbsp;yvette@cceamoba.cz&nbsp; &nbsp;+420 604 847 510 Igor Kova\u010devi\u0107 &nbsp;&nbsp;igor@cceamoba.cz&nbsp; +420 603 81 00 83 Karin Grohmannov\u00e1 &nbsp;&nbsp;senior@cceamoba.cz \u0160t\u011bp\u00e1n Holub &nbsp;&nbsp;stepan.holub@holubova.cz<\/p>\n","protected":false},"author":1,"featured_media":0,"parent":0,"menu_order":0,"comment_status":"closed","ping_status":"closed","template":"","meta":{"footnotes":""},"class_list":["post-1625","page","type-page","status-publish","hentry"],"translation":{"provider":"WPGlobus","version":"2.12.2","language":"en","enabled_languages":["cz","en"],"languages":{"cz":{"title":true,"content":true,"excerpt":false},"en":{"title":true,"content":true,"excerpt":false}}},"_links":{"self":[{"href":"https:\/\/viaduktkreativni.cz\/en\/wp-json\/wp\/v2\/pages\/1625","targetHints":{"allow":["GET"]}}],"collection":[{"href":"https:\/\/viaduktkreativni.cz\/en\/wp-json\/wp\/v2\/pages"}],"about":[{"href":"https:\/\/viaduktkreativni.cz\/en\/wp-json\/wp\/v2\/types\/page"}],"author":[{"embeddable":true,"href":"https:\/\/viaduktkreativni.cz\/en\/wp-json\/wp\/v2\/users\/1"}],"replies":[{"embeddable":true,"href":"https:\/\/viaduktkreativni.cz\/en\/wp-json\/wp\/v2\/comments?post=1625"}],"version-history":[{"count":27,"href":"https:\/\/viaduktkreativni.cz\/en\/wp-json\/wp\/v2\/pages\/1625\/revisions"}],"predecessor-version":[{"id":2201,"href":"https:\/\/viaduktkreativni.cz\/en\/wp-json\/wp\/v2\/pages\/1625\/revisions\/2201"}],"wp:attachment":[{"href":"https:\/\/viaduktkreativni.cz\/en\/wp-json\/wp\/v2\/media?parent=1625"}],"curies":[{"name":"wp","href":"https:\/\/api.w.org\/{rel}","templated":true}]}}