{"id":1799,"date":"2024-03-19T16:55:55","date_gmt":"2024-03-19T14:55:55","guid":{"rendered":"https:\/\/viaduktkreativni.cz\/?page_id=1799"},"modified":"2024-04-09T16:39:05","modified_gmt":"2024-04-09T14:39:05","slug":"podporovatele","status":"publish","type":"page","link":"https:\/\/viaduktkreativni.cz\/en\/podporovatele\/","title":{"rendered":"SUPPORTERS"},"content":{"rendered":"\n<figure class=\"wp-block-image size-full is-resized\"><img loading=\"lazy\" decoding=\"async\" width=\"590\" height=\"683\" src=\"https:\/\/viaduktkreativni.cz\/wp-content\/uploads\/2024\/04\/petr-hlavacek-1.jpg\" alt=\"\" class=\"wp-image-2106\" style=\"aspect-ratio:0.75;object-fit:cover;width:299px;height:auto\" srcset=\"https:\/\/viaduktkreativni.cz\/wp-content\/uploads\/2024\/04\/petr-hlavacek-1.jpg 590w, https:\/\/viaduktkreativni.cz\/wp-content\/uploads\/2024\/04\/petr-hlavacek-1-259x300.jpg 259w\" sizes=\"auto, (max-width: 590px) 85vw, 590px\" \/><\/figure>\n\n\n\n<p class=\"has-small-font-size\"><strong><em>Petr Hlav\u00e1\u010dek<\/em><\/strong><\/p>\n\n\n\n<p class=\"has-small-font-size\">Deputy Mayor of the City of Prague for Spatial Development and Urban Planning &#8211; 2018 &#8211; now<\/p>\n\n\n\n<figure class=\"wp-block-image size-large is-resized\"><img loading=\"lazy\" decoding=\"async\" width=\"828\" height=\"1024\" src=\"https:\/\/viaduktkreativni.cz\/wp-content\/uploads\/2024\/04\/jiri-svoboda-1-828x1024.jpg\" alt=\"\" class=\"wp-image-2258\" style=\"aspect-ratio:0.75;object-fit:cover;width:304px;height:auto\" srcset=\"https:\/\/viaduktkreativni.cz\/wp-content\/uploads\/2024\/04\/jiri-svoboda-1-828x1024.jpg 828w, https:\/\/viaduktkreativni.cz\/wp-content\/uploads\/2024\/04\/jiri-svoboda-1-242x300.jpg 242w, https:\/\/viaduktkreativni.cz\/wp-content\/uploads\/2024\/04\/jiri-svoboda-1-768x950.jpg 768w, https:\/\/viaduktkreativni.cz\/wp-content\/uploads\/2024\/04\/jiri-svoboda-1.jpg 1024w\" sizes=\"auto, (max-width: 828px) 85vw, 828px\" \/><\/figure>\n\n\n\n<p class=\"has-small-font-size\"><strong><em>Ji\u0159\u00ed Svoboda<\/em><\/strong><\/p>\n\n\n\n<p class=\"has-small-font-size\">Director General of the Railway Infrastructure Administration &#8211; 2018 &#8211; now<\/p>\n\n\n\n<figure class=\"wp-block-image size-full is-resized\"><img loading=\"lazy\" decoding=\"async\" width=\"590\" height=\"681\" src=\"https:\/\/viaduktkreativni.cz\/wp-content\/uploads\/2024\/04\/adam-scheinherr-1.jpg\" alt=\"\" class=\"wp-image-2100\" style=\"aspect-ratio:0.75;object-fit:cover;width:306px;height:auto\" srcset=\"https:\/\/viaduktkreativni.cz\/wp-content\/uploads\/2024\/04\/adam-scheinherr-1.jpg 590w, https:\/\/viaduktkreativni.cz\/wp-content\/uploads\/2024\/04\/adam-scheinherr-1-260x300.jpg 260w\" sizes=\"auto, (max-width: 590px) 85vw, 590px\" \/><\/figure>\n\n\n\n<p style=\"font-size:13px\"><strong><em>Adam Scheinherr<\/em><\/strong><br><br>Deputy Mayor for Transport and Conservation &#8211; 2018 &#8211; 2022<\/p>\n\n\n\n<p class=\"has-small-font-size\"><\/p>\n\n\n\n<figure class=\"wp-block-image size-full is-resized\"><img loading=\"lazy\" decoding=\"async\" width=\"590\" height=\"683\" src=\"https:\/\/viaduktkreativni.cz\/wp-content\/uploads\/2024\/04\/adriana-krnacova-1.jpg\" alt=\"\" class=\"wp-image-2116\" style=\"aspect-ratio:3\/4;object-fit:cover;width:316px;height:auto\" srcset=\"https:\/\/viaduktkreativni.cz\/wp-content\/uploads\/2024\/04\/adriana-krnacova-1.jpg 590w, https:\/\/viaduktkreativni.cz\/wp-content\/uploads\/2024\/04\/adriana-krnacova-1-259x300.jpg 259w\" sizes=\"auto, (max-width: 590px) 85vw, 590px\" \/><\/figure>\n\n\n\n<p class=\"has-small-font-size\"><strong><em>Adriana Krn\u00e1\u010dov\u00e1 <\/em><\/strong><\/p>\n\n\n\n<p class=\"has-small-font-size\">Mayor of the City of Prague &#8211; 2014 &#8211; 2018<\/p>\n\n\n\n<p class=\"has-small-font-size\">Deputy Minister of the Interior &#8211; 2014<\/p>\n\n\n\n<p class=\"has-small-font-size\"><\/p>\n\n\n\n<figure class=\"wp-block-image size-full is-resized\"><img loading=\"lazy\" decoding=\"async\" width=\"591\" height=\"681\" src=\"https:\/\/viaduktkreativni.cz\/wp-content\/uploads\/2024\/04\/pavel-sury-1.jpg\" alt=\"\" class=\"wp-image-2109\" style=\"aspect-ratio:3\/4;object-fit:cover;width:323px;height:auto\" srcset=\"https:\/\/viaduktkreativni.cz\/wp-content\/uploads\/2024\/04\/pavel-sury-1.jpg 591w, https:\/\/viaduktkreativni.cz\/wp-content\/uploads\/2024\/04\/pavel-sury-1-260x300.jpg 260w\" sizes=\"auto, (max-width: 591px) 85vw, 591px\" \/><\/figure>\n\n\n\n<p class=\"has-small-font-size\"><strong><em>Pavel Sur\u00fd<\/em><\/strong><\/p>\n\n\n\n<p class=\"has-small-font-size\">Director General of the Railway Infrastructure Administration &#8211; 2014 &#8211; 2018<\/p>\n\n\n\n<figure class=\"wp-block-image size-large is-resized\"><img loading=\"lazy\" decoding=\"async\" width=\"859\" height=\"1024\" src=\"https:\/\/viaduktkreativni.cz\/wp-content\/uploads\/2024\/04\/tomas-hudecek-859x1024.jpg\" alt=\"\" class=\"wp-image-2104\" style=\"aspect-ratio:0.75;object-fit:cover;width:322px;height:auto\" srcset=\"https:\/\/viaduktkreativni.cz\/wp-content\/uploads\/2024\/04\/tomas-hudecek-859x1024.jpg 859w, https:\/\/viaduktkreativni.cz\/wp-content\/uploads\/2024\/04\/tomas-hudecek-252x300.jpg 252w, https:\/\/viaduktkreativni.cz\/wp-content\/uploads\/2024\/04\/tomas-hudecek-768x916.jpg 768w, https:\/\/viaduktkreativni.cz\/wp-content\/uploads\/2024\/04\/tomas-hudecek.jpg 868w\" sizes=\"auto, (max-width: 709px) 85vw, (max-width: 909px) 67vw, (max-width: 1362px) 62vw, 840px\" \/><\/figure>\n\n\n\n<p class=\"has-small-font-size\"><strong><em>Tom\u00e1\u0161 Hude\u010dek<\/em><\/strong><\/p>\n\n\n\n<p class=\"has-small-font-size\"><br>Mayor of the City of Prague &#8211; 2013 &#8211; 2014<\/p>\n\n\n\n<p class=\"has-small-font-size\">Deputy Mayor of the City of Prague &#8211; 2011 &#8211; 2013<\/p>\n","protected":false},"excerpt":{"rendered":"<p>Petr Hlav\u00e1\u010dek Deputy Mayor of the City of Prague for Spatial Development and Urban Planning &#8211; 2018 &#8211; now Ji\u0159\u00ed Svoboda Director General of the Railway Infrastructure Administration &#8211; 2018 &#8211; now Adam Scheinherr Deputy Mayor for Transport and Conservation &#8211; 2018 &#8211; 2022 Adriana Krn\u00e1\u010dov\u00e1 Mayor of the City of Prague &#8211; 2014 &#8211; &hellip; <a href=\"https:\/\/viaduktkreativni.cz\/en\/podporovatele\/\" class=\"more-link\">Continue reading<span class=\"screen-reader-text\"> &#8220;SUPPORTERS&#8221;<\/span><\/a><\/p>\n","protected":false},"author":1,"featured_media":0,"parent":0,"menu_order":0,"comment_status":"closed","ping_status":"closed","template":"","meta":{"footnotes":""},"class_list":["post-1799","page","type-page","status-publish","hentry"],"translation":{"provider":"WPGlobus","version":"2.12.2","language":"en","enabled_languages":["cz","en"],"languages":{"cz":{"title":true,"content":true,"excerpt":false},"en":{"title":true,"content":true,"excerpt":false}}},"_links":{"self":[{"href":"https:\/\/viaduktkreativni.cz\/en\/wp-json\/wp\/v2\/pages\/1799","targetHints":{"allow":["GET"]}}],"collection":[{"href":"https:\/\/viaduktkreativni.cz\/en\/wp-json\/wp\/v2\/pages"}],"about":[{"href":"https:\/\/viaduktkreativni.cz\/en\/wp-json\/wp\/v2\/types\/page"}],"author":[{"embeddable":true,"href":"https:\/\/viaduktkreativni.cz\/en\/wp-json\/wp\/v2\/users\/1"}],"replies":[{"embeddable":true,"href":"https:\/\/viaduktkreativni.cz\/en\/wp-json\/wp\/v2\/comments?post=1799"}],"version-history":[{"count":25,"href":"https:\/\/viaduktkreativni.cz\/en\/wp-json\/wp\/v2\/pages\/1799\/revisions"}],"predecessor-version":[{"id":2271,"href":"https:\/\/viaduktkreativni.cz\/en\/wp-json\/wp\/v2\/pages\/1799\/revisions\/2271"}],"wp:attachment":[{"href":"https:\/\/viaduktkreativni.cz\/en\/wp-json\/wp\/v2\/media?parent=1799"}],"curies":[{"name":"wp","href":"https:\/\/api.w.org\/{rel}","templated":true}]}}